{"id":18,"date":"2023-07-17T14:17:26","date_gmt":"2023-07-17T14:17:26","guid":{"rendered":"http:\/\/localhost:8080\/smcp_wp\/?page_id=18"},"modified":"2025-08-03T23:07:04","modified_gmt":"2025-08-03T23:07:04","slug":"mot-du-directeur","status":"publish","type":"page","link":"https:\/\/smcp.mr\/?page_id=18","title":{"rendered":"Mot du Directeur G\u00e9n\u00e9ral"},"content":{"rendered":"<p>[:ar<\/p>\n<h2 style=\"text-align: center;\">\u00a0\u00a0\u00a0\u00a0 \u00a0 \u00a0 \u00a0 \u00a0 \u00a0 \u00a0 \u00a0 \u00a0 \u00a0 \u00a0 \u00a0 \u00a0 \u00a0 \u00a0 \u00a0 \u0628\u0633\u0645 \u0627\u0644\u0644\u0647 \u0627\u0644\u0631\u062d\u0645\u0646 \u0627\u0644\u0631\u062d\u064a\u0645<\/h2>\n<p><a href=\"http:\/\/smcp.mr\/wp-content\/uploads\/2025\/08\/DIRECTEUR-GENERAL.jpeg\" rel=\"attachment wp-att-1368\"><img decoding=\"async\" loading=\"lazy\" class=\"alignnone wp-image-1983 size-medium\" src=\"http:\/\/smcp.mr\/wp-content\/uploads\/2025\/08\/DIRECTEUR-GENERAL-252x300.jpeg\" alt=\"\" width=\"252\" height=\"300\" srcset=\"https:\/\/smcp.mr\/wp-content\/uploads\/2025\/08\/DIRECTEUR-GENERAL-252x300.jpeg 252w, https:\/\/smcp.mr\/wp-content\/uploads\/2025\/08\/DIRECTEUR-GENERAL-859x1024.jpeg 859w, https:\/\/smcp.mr\/wp-content\/uploads\/2025\/08\/DIRECTEUR-GENERAL-768x915.jpeg 768w, https:\/\/smcp.mr\/wp-content\/uploads\/2025\/08\/DIRECTEUR-GENERAL.jpeg 906w\" sizes=\"(max-width: 252px) 100vw, 252px\" \/><\/a><\/p>\n<h2 style=\"text-align: center;\">\u0643\u0644\u0645\u0629 \u0627\u0644\u0633\u064a\u062f \u0627\u0644\u0645\u062f\u064a\u0631 \u0627\u0644\u0639\u0627\u0645<\/h2>\n<h2 style=\"text-align: center;\">\u0627\u0644\u0633\u0627\u062f\u0629 \u0648 \u0627\u0644\u0633\u064a\u062f\u0627\u062a \u0645\u062a\u0635\u0641\u062d\u064a \u0627\u0644\u0645\u0648\u0642\u0639 \u0627\u0644\u0627\u0644\u064a\u0643\u062a\u0631\u0648\u0646\u064a \u0644\u0644\u0634\u0631\u0643\u0629 \u0627\u0644\u0645\u0648\u0631\u064a\u062a\u0627\u0646\u064a\u0629 \u0644\u062a\u0633\u0648\u064a\u0642 \u0644\u0623\u0633\u0645\u0627\u0643 \u064a\u0633\u0639\u062f\u0646\u0627 \u0623\u0646 \u0646\u0631\u062d\u0628 \u0628\u0643\u0645 \u0641\u064a \u0647\u0630\u0627 \u0627\u0644\u0645\u0648\u0642\u0639 \u0627\u0644\u0630\u064a \u0623\u0631\u062f\u0646\u0627 \u0645\u0646 \u062e\u0644\u0627\u0644\u0647 \u0627\u0633\u062a\u062e\u062f\u0627\u0645 \u0647\u0630\u0647 \u0627\u0644\u0648\u0633\u064a\u0644\u0629 \u0627\u0644\u062a\u064a \u0623\u0635\u0628\u062d\u062a \u0644\u0627 \u063a\u0646\u0649 \u0639\u0646\u0647\u0627 \u0644\u0646\u0634\u0631 \u0627\u0644\u0645\u0639\u0644\u0648\u0645\u0627\u062a \u0648 \u062a\u0628\u0627\u062f\u0644 \u0627\u0644\u0623\u0641\u0643\u0627\u0631 \u0648 \u062a\u0644\u0627\u0642\u062d \u0627\u0644\u062b\u0642\u0627\u0641\u0627\u062a \u0648 \u0630\u0627\u0644\u0643 \u0644\u0645\u0627 \u062a\u062a\u064a\u062d\u0647 \u0645\u0646 \u0634\u0641\u0627\u0641\u064a\u0629 \u0648 \u062d\u064a\u0627\u062f \u0641\u064a \u0627\u0644\u062a\u0639\u0627\u0645\u0644 \u0645\u0639 \u0627\u0644\u0632\u0628\u0646\u0627\u0621 \u060c \u0648 \u0644\u0630\u0644\u0643 \u064a\u062d\u062a\u0648\u064a \u0647\u0630\u0627 \u0627\u0644\u0645\u0648\u0642\u0639 \u0639\u0644\u0649 \u0646\u0627\u0641\u0630\u0629 \u0625\u062e\u0628\u0627\u0631\u064a\u0629 \u062a\u0648\u0641\u0631 \u0625\u0645\u0643\u0627\u0646\u064a\u0629 \u0646\u0634\u0631 \u0627\u0644\u0645\u0639\u0644\u0648\u0645\u0627\u062a \u0627\u0644\u0623\u0633\u0627\u0633\u064a\u0629 \u0645\u062b\u0644 \u062a\u0627\u0631\u064a\u062e \u0641\u062a\u0631\u0629 \u062a\u0644\u0642\u064a \u0639\u0631\u0648\u0636 \u0627\u0644\u0623\u0633\u0639\u0627\u0631 \u0648 \u0643\u0630\u0644\u0643 \u0627\u0644\u0625\u0639\u0644\u0627\u0646 \u0639\u0646 \u0644\u0627\u0626\u062d\u0629 \u0627\u0644\u0623\u0633\u0639\u0627\u0631 \u0627\u0644\u0645\u0648\u0633\u0645\u064a\u0629 \u0627\u0644\u062a\u064a \u062a\u0635\u062f\u0631 \u0639\u0646 \u0627\u0644\u0634\u0631\u0643\u0629 .<br \/>\n\u0648 \u0628\u0630\u0644\u0643 \u064a\u062a\u0645\u0643\u0646 \u0627\u0644\u0632\u0628\u0646\u0627\u0621 \u0648 \u0627\u0644\u0645\u0646\u062a\u062c\u0648\u0646 \u0648 \u0645\u062e\u062a\u0644\u0641 \u0627\u0644\u0645\u0647\u062a\u0645\u064a\u0646 \u0645\u0646 \u0627\u0644\u0627\u0637\u0644\u0627\u0639 \u0627\u0644\u0633\u0631\u064a\u0639 \u0639\u0644\u0649 \u062a\u0644\u0643 \u0627\u0644\u0645\u0639\u0644\u0648\u0645\u0627\u062a \u0643\u0645\u0627 \u064a\u062d\u062a\u0648\u064a \u0643\u0630\u0644\u0643 \u0639\u0644\u0649 \u0628\u0639\u0636 \u0627\u0644\u0646\u0635\u0648\u0635 \u0627\u0644\u062a\u0634\u0631\u064a\u0639\u064a\u0629 \u0627\u0644\u0645\u0646\u0638\u0645\u0629 \u0644\u0644\u0642\u0637\u0627\u0639\u060c \u0648 \u0628\u0639\u0636 \u0627\u0644\u0625\u062d\u0635\u0627\u0626\u064a\u0627\u062a \u0627\u0644\u0647\u0627\u0645\u0629 \u060c \u0648 \u0645\u0633\u062a\u0648\u064a\u0627\u062a \u0627\u0644\u0645\u062e\u0632\u0648\u0646 \u0627\u0644\u0645\u0639\u0631\u0648\u0636 \u0644\u0644\u0628\u064a\u0639\u060c \u0648 \u0643\u0630\u0644\u0643 \u0628\u0639\u0636 \u0627\u0644\u062a\u0639\u0627\u0631\u064a\u0641 \u0648 \u0627\u0644\u062a\u0648\u0636\u064a\u062d\u0627\u062a \u0648 \u0627\u0644\u0625\u0634\u0647\u0627\u0631\u0627\u062a \u0644\u0623\u0646\u0648\u0627\u0639 \u0627\u0644\u0623\u0633\u0645\u0627\u0643 \u0627\u0644\u0631\u0626\u064a\u0633\u064a\u0629 \u0627\u0644\u062a\u064a \u064a\u062a\u0645 \u062a\u0635\u062f\u064a\u0631\u0647\u0627 \u060c \u0647\u0630\u0627 \u0628\u0627\u0644\u0625\u0636\u0627\u0641\u0629 \u0625\u0644\u0649 \u0623\u0633\u0639\u0627\u0631 \u0635\u0631\u0641 \u0627\u0644\u0639\u0645\u0644\u0627\u062a \u0627\u0644\u0623\u062c\u0646\u0628\u064a\u0629 \u0648 \u0628\u0639\u0636 \u0627\u0644\u0631\u0648\u0627\u0628\u0637 \u0627\u0644\u0645\u0647\u0645\u0629 \u060c \u0648 \u0627\u0644\u0639\u0646\u0627\u0648\u064a\u0646 \u0627\u0644\u0645\u0647\u0646\u064a\u0629 \u0644\u0644\u0627\u062a\u0635\u0627\u0644 \u0628\u0627\u0644\u0634\u0631\u0643\u0629.<br \/>\n\u0648 \u0646\u0634\u0643\u0631 \u0644\u0643\u0645 \u0627\u0647\u062a\u0645\u0627\u0645\u0643\u0645 \u0628\u0627\u0644\u0623\u0646\u0634\u0637\u0629 \u0627\u0644\u0645\u062e\u062a\u0644\u0641\u0629 \u0644\u0644\u0634\u0631\u0643\u0629 \u0627\u0644\u0645\u0648\u0631\u064a\u062a\u0627\u0646\u064a\u0629 \u0644\u062a\u0633\u0648\u064a\u0642 \u0627\u0644\u0623\u0633\u0645\u0627\u0643 \u0648 \u064a\u0633\u0639\u062f\u0646\u0627 \u0623\u0646 \u0646\u0633\u062a\u0642\u0644 \u062a\u0633\u0627\u0624\u0644\u0627\u062a\u0643\u0645 \u0648 \u0627\u0633\u062a\u0641\u0633\u0627\u0631\u0627\u062a\u0643\u0645 \u0639\u0644\u0649 \u0627\u0644\u0639\u0646\u0648\u0627\u0646 \u0627\u0644\u062a\u0627\u0644\u064a: dg@smcp.mr .<br \/>\n\u0622\u0645\u0644\u064a\u0646 \u0627\u0633\u062a\u0641\u0627\u062f\u062a\u0643\u0645 \u0645\u0646 \u062a\u0635\u0641\u062d \u0647\u0630\u0627 \u0627\u0644\u0645\u0648\u0642\u0639. \u0648 \u0627\u0644\u0633\u0644\u0627\u0645 \u0639\u0644\u064a\u0643\u0645 \u0648\u0631\u062d\u0645\u0629 \u0627\u0644\u0644\u0647 \u062a\u0639\u0627\u0644\u0649 \u0648\u0628\u0631\u0643\u0627\u062a\u0647.<br \/>\n\u0627\u0646\u0648\u0627\u0630\u064a\u0628\u0648 04 \/07\/ 2025<br \/>\n\u0627\u0644\u0645\u062f\u064a\u0631 \u0627\u0644\u0639\u0627\u0645 \u0644\u0644\u0634\u0631\u0643\u0629 \u0627\u0644\u0645\u0648\u0631\u064a\u062a\u0627\u0646\u064a\u0629 \u0644\u062a\u0633\u0648\u064a\u0642 \u0627\u0644\u0627\u0633\u0645\u0627\u0643<\/h2>\n<h2 style=\"text-align: center;\">\u062f.\u0633\u064a\u062f \u0633\u0627\u0644\u0645 \u0645\u062d\u0645\u062f \u0627\u0644\u0639\u0628\u062f<\/h2>\n<p><a href=\"http:\/\/smcp.mr\/wp-content\/uploads\/2025\/08\/DIRECTEUR-GENERAL.jpeg\" rel=\"attachment wp-att-1368\"><img decoding=\"async\" loading=\"lazy\" class=\"alignnone wp-image-1983 size-medium\" src=\"http:\/\/smcp.mr\/wp-content\/uploads\/2025\/08\/DIRECTEUR-GENERAL-252x300.jpeg\" alt=\"\" width=\"252\" height=\"300\" srcset=\"https:\/\/smcp.mr\/wp-content\/uploads\/2025\/08\/DIRECTEUR-GENERAL-252x300.jpeg 252w, https:\/\/smcp.mr\/wp-content\/uploads\/2025\/08\/DIRECTEUR-GENERAL-859x1024.jpeg 859w, https:\/\/smcp.mr\/wp-content\/uploads\/2025\/08\/DIRECTEUR-GENERAL-768x915.jpeg 768w, https:\/\/smcp.mr\/wp-content\/uploads\/2025\/08\/DIRECTEUR-GENERAL.jpeg 906w\" sizes=\"(max-width: 252px) 100vw, 252px\" \/><\/a><\/p>\n<p>Mot du Directeur G\u00e9n\u00e9ral<br \/>\nC\u2019est avec beaucoup de plaisir que la SMCP met \u00e0 la disposition des usagers le pr\u00e9sent site pour servir de liens virtuel avec l\u2019ensemble de ses clients et partenaires, et leur offrir une bonne opportunit\u00e9 de mieux conna\u00eetre sa politique de commercialisation.<br \/>\nCette fen\u00eatre dynamique leur permettra notamment d\u2019acc\u00e9der aux diff\u00e9rentes annonces \u00e9manant de la soci\u00e9t\u00e9 comme par exemple l\u2019ouverture des n\u00e9gociations relatives aux offres pour la fixation des prix p\u00e9riodiques et la publication des prix arr\u00eat\u00e9s.<br \/>\n\u00abCe home page \u00bb met \u00e9galement en liens les textes fondamentaux qui r\u00e9gissent le secteur comme le code des p\u00eaches et le d\u00e9cret 73 2019 relatif au r\u00e9gime de commercialisation dont l\u2019exclusivit\u00e9 revient a la SMCP, les bulletins statistique, les donn\u00e9es concernant les stocks disponibles et une galerie d\u2019images concernant les esp\u00e8ces commercialisables.<br \/>\nEn vous remerciant pour l\u2019int\u00e9r\u00eat que vous accordez aux diverses activit\u00e9s de la SMCP. Je vous souhaite une tr\u00e8s bonne visite.<br \/>\nNouadhibou le 04 juillet 2025<br \/>\nLe Directeur G\u00e9n\u00e9ral de la SMCP<\/p>\n<h4 id=\"firstHeading\" class=\"firstHeading mw-first-heading\"><span class=\"mw-page-title-main\">Dr. Sidi Salem MOHAMED El ABD<\/span><\/h4>\n<p><\/p>","protected":false},"excerpt":{"rendered":"<p>[:ar \u00a0\u00a0\u00a0\u00a0 \u00a0 \u00a0 \u00a0 \u00a0 \u00a0 \u00a0 \u00a0 \u00a0 \u00a0 \u00a0 \u00a0 \u00a0 \u00a0 \u00a0 \u00a0 \u0628\u0633\u0645 \u0627\u0644\u0644\u0647 \u0627\u0644\u0631\u062d\u0645\u0646 [&hellip;]<\/p>\n","protected":false},"author":1,"featured_media":0,"parent":0,"menu_order":0,"comment_status":"closed","ping_status":"closed","template":"","meta":[],"_links":{"self":[{"href":"https:\/\/smcp.mr\/index.php?rest_route=\/wp\/v2\/pages\/18"}],"collection":[{"href":"https:\/\/smcp.mr\/index.php?rest_route=\/wp\/v2\/pages"}],"about":[{"href":"https:\/\/smcp.mr\/index.php?rest_route=\/wp\/v2\/types\/page"}],"author":[{"embeddable":true,"href":"https:\/\/smcp.mr\/index.php?rest_route=\/wp\/v2\/users\/1"}],"replies":[{"embeddable":true,"href":"https:\/\/smcp.mr\/index.php?rest_route=%2Fwp%2Fv2%2Fcomments&post=18"}],"version-history":[{"count":50,"href":"https:\/\/smcp.mr\/index.php?rest_route=\/wp\/v2\/pages\/18\/revisions"}],"predecessor-version":[{"id":1988,"href":"https:\/\/smcp.mr\/index.php?rest_route=\/wp\/v2\/pages\/18\/revisions\/1988"}],"wp:attachment":[{"href":"https:\/\/smcp.mr\/index.php?rest_route=%2Fwp%2Fv2%2Fmedia&parent=18"}],"curies":[{"name":"wp","href":"https:\/\/api.w.org\/{rel}","templated":true}]}}