{"id":24,"date":"2015-11-26T14:25:36","date_gmt":"2015-11-26T11:25:36","guid":{"rendered":"http:\/\/localhost:8080\/smcp_wp\/?page_id=24"},"modified":"2023-01-10T23:52:04","modified_gmt":"2023-01-10T23:52:04","slug":"mission","status":"publish","type":"page","link":"https:\/\/smcp.mr\/?page_id=24","title":{"rendered":"Mission"},"content":{"rendered":"<p><strong>Mission de la SMCP<br \/>\n<\/strong><\/p>\n<p><img decoding=\"async\" loading=\"lazy\" class=\"\" src=\"http:\/\/localhost:8080\/web\/images\/stories\/gal\/langoustte.jpg\" alt=\"\" width=\"139\" height=\"93\" border=\"0\" \/>\u00a0 <img decoding=\"async\" loading=\"lazy\" src=\"http:\/\/localhost:8080\/web\/images\/stories\/gal\/denton.jpg\" alt=\"\" width=\"140\" height=\"83\" border=\"0\" \/>\u00a0\u00a0\u00a0 <img decoding=\"async\" loading=\"lazy\" class=\"\" src=\"http:\/\/localhost:8080\/web\/images\/stories\/gal\/polpe.jpge.jpg\" alt=\"\" width=\"117\" height=\"103\" border=\"0\" \/><\/p>\n<p>&nbsp;<\/p>\n<p>-l\u2019instauration d\u2019un syst\u00e8me de suivi de la production nationale\u00a0;<\/p>\n<p>-la r\u00e9gulation de l\u2019\u00e9coulement de nos produits sur le march\u00e9 international\u00a0;<\/p>\n<p>-le rapatriement des devises;<\/p>\n<p>-le recouvrement des droits et taxes li\u00e9s \u00e0 l\u2019exportation\u00a0;<\/p>\n<p>-la contribution \u00e0 l\u2019int\u00e9gration du secteur de la P\u00eache \u00e0 l\u2019Economie Nationale\u00a0;<\/p>\n<p>-la contribution \u00e0 la promotion et au d\u00e9veloppement de la p\u00eache artisanale.<\/p>","protected":false},"excerpt":{"rendered":"<p>Mission de la SMCP \u00a0 \u00a0\u00a0\u00a0 &nbsp; -l\u2019instauration d\u2019un syst\u00e8me de suivi de la production nationale\u00a0; -la r\u00e9gulation de l\u2019\u00e9coulement [&hellip;]<\/p>\n","protected":false},"author":1,"featured_media":0,"parent":0,"menu_order":0,"comment_status":"closed","ping_status":"closed","template":"","meta":[],"_links":{"self":[{"href":"https:\/\/smcp.mr\/index.php?rest_route=\/wp\/v2\/pages\/24"}],"collection":[{"href":"https:\/\/smcp.mr\/index.php?rest_route=\/wp\/v2\/pages"}],"about":[{"href":"https:\/\/smcp.mr\/index.php?rest_route=\/wp\/v2\/types\/page"}],"author":[{"embeddable":true,"href":"https:\/\/smcp.mr\/index.php?rest_route=\/wp\/v2\/users\/1"}],"replies":[{"embeddable":true,"href":"https:\/\/smcp.mr\/index.php?rest_route=%2Fwp%2Fv2%2Fcomments&post=24"}],"version-history":[{"count":4,"href":"https:\/\/smcp.mr\/index.php?rest_route=\/wp\/v2\/pages\/24\/revisions"}],"predecessor-version":[{"id":1280,"href":"https:\/\/smcp.mr\/index.php?rest_route=\/wp\/v2\/pages\/24\/revisions\/1280"}],"wp:attachment":[{"href":"https:\/\/smcp.mr\/index.php?rest_route=%2Fwp%2Fv2%2Fmedia&parent=24"}],"curies":[{"name":"wp","href":"https:\/\/api.w.org\/{rel}","templated":true}]}}